{"id":16524,"date":"2017-06-24T19:42:24","date_gmt":"2017-06-24T17:42:24","guid":{"rendered":"https:\/\/vibrant-williamson.146-59-155-173.plesk.page\/mentions-legales\/"},"modified":"2024-08-03T20:35:39","modified_gmt":"2024-08-03T18:35:39","slug":"mentions-legales","status":"publish","type":"page","link":"https:\/\/miyakoparis.com\/ja\/mentions-legales\/","title":{"rendered":"Mentions L\u00e9gales"},"content":{"rendered":"\t\t<div data-elementor-type=\"wp-page\" data-elementor-id=\"16524\" class=\"elementor elementor-16524 elementor-6037\" data-elementor-post-type=\"page\">\n\t\t\t\t\t\t<section class=\"elementor-section elementor-top-section elementor-element elementor-element-3d99e5de elementor-section-boxed elementor-section-height-default elementor-section-height-default\" data-id=\"3d99e5de\" data-element_type=\"section\">\n\t\t\t\t\t\t<div class=\"elementor-container elementor-column-gap-default\">\n\t\t\t\t\t<div class=\"elementor-column elementor-col-100 elementor-top-column elementor-element elementor-element-64dcd923\" data-id=\"64dcd923\" data-element_type=\"column\">\n\t\t\t<div class=\"elementor-widget-wrap elementor-element-populated\">\n\t\t\t\t\t\t<div class=\"elementor-element elementor-element-279eef2 elementor-widget elementor-widget-heading\" data-id=\"279eef2\" data-element_type=\"widget\" data-widget_type=\"heading.default\">\n\t\t\t\t<div class=\"elementor-widget-container\">\n\t\t\t\t\t<h1 class=\"elementor-heading-title elementor-size-default\">Mentions L\u00e9gales<\/h1>\t\t\t\t<\/div>\n\t\t\t\t<\/div>\n\t\t\t\t<div class=\"elementor-element elementor-element-34fdee1 elementor-widget elementor-widget-text-editor\" data-id=\"34fdee1\" data-element_type=\"widget\" data-widget_type=\"text-editor.default\">\n\t\t\t\t<div class=\"elementor-widget-container\">\n\t\t\t\t\t\t\t\t\t<p>Conform\u00e9ment aux dispositions des articles 6-III et 19 de la Loi n\u00b0 2004-575 du 21 juin 2004 pour la Confiance dans l\u2019\u00e9conomie num\u00e9rique, dite L.C.E.N., nous portons \u00e0 la connaissance des utilisateurs et visiteurs du site :\u00a0<a href=\"http:\/\/miyakoparis.com\/\">miyakoparis.com<\/a>\u00a0les informations suivantes :<\/p>\t\t\t\t\t\t\t\t<\/div>\n\t\t\t\t<\/div>\n\t\t\t\t<div class=\"elementor-element elementor-element-422ea1c elementor-widget elementor-widget-heading\" data-id=\"422ea1c\" data-element_type=\"widget\" data-widget_type=\"heading.default\">\n\t\t\t\t<div class=\"elementor-widget-container\">\n\t\t\t\t\t<h2 class=\"elementor-heading-title elementor-size-default\">\u00c9diteur<\/h2>\t\t\t\t<\/div>\n\t\t\t\t<\/div>\n\t\t\t\t<div class=\"elementor-element elementor-element-012ec2e elementor-widget elementor-widget-text-editor\" data-id=\"012ec2e\" data-element_type=\"widget\" data-widget_type=\"text-editor.default\">\n\t\t\t\t<div class=\"elementor-widget-container\">\n\t\t\t\t\t\t\t\t\t<p>Miyako Immobilier International<br \/>Si\u00e8ge social : 6 rue Beaugrenelle, 75015 Paris &#8211; France<br \/>Repr\u00e9sent\u00e9e par Babak ABBASSI en sa qualit\u00e9 de Pr\u00e9sident<br \/>RCS PARIS SIRET 514 695 410 00019<br \/>Carte Professionnelle n\u00b07051 2019 000 042 688<br \/>D\u00e9livr\u00e9e par la CCI. Paris Ile de France<br \/>Num\u00e9ro TVA Intracommunautaire : FR84514695410<br \/>Capital social : 8 000,00 \u20ac<\/p>\t\t\t\t\t\t\t\t<\/div>\n\t\t\t\t<\/div>\n\t\t\t\t<div class=\"elementor-element elementor-element-427c1b3 elementor-widget elementor-widget-heading\" data-id=\"427c1b3\" data-element_type=\"widget\" data-widget_type=\"heading.default\">\n\t\t\t\t<div class=\"elementor-widget-container\">\n\t\t\t\t\t<h2 class=\"elementor-heading-title elementor-size-default\">Recommandations pour la visualisation Informations techniques :<\/h2>\t\t\t\t<\/div>\n\t\t\t\t<\/div>\n\t\t\t\t<div class=\"elementor-element elementor-element-d40b3f3 elementor-widget elementor-widget-text-editor\" data-id=\"d40b3f3\" data-element_type=\"widget\" data-widget_type=\"text-editor.default\">\n\t\t\t\t<div class=\"elementor-widget-container\">\n\t\t\t\t\t\t\t\t\t<p>Accessibilit\u00e9 au site 24 heures sur 24 et 7 jours sur 7 sauf cas de force majeure, difficult\u00e9s informatiques, difficult\u00e9s li\u00e9es \u00e0 la structure des r\u00e9seaux de communication ou difficult\u00e9 d&#8217;ordre technique. Interruption possible \u00e0 tout moment du site pour des raisons de maintenance.<\/p>\t\t\t\t\t\t\t\t<\/div>\n\t\t\t\t<\/div>\n\t\t\t\t<div class=\"elementor-element elementor-element-7395e74 elementor-widget elementor-widget-heading\" data-id=\"7395e74\" data-element_type=\"widget\" data-widget_type=\"heading.default\">\n\t\t\t\t<div class=\"elementor-widget-container\">\n\t\t\t\t\t<h2 class=\"elementor-heading-title elementor-size-default\">Avertissement<\/h2>\t\t\t\t<\/div>\n\t\t\t\t<\/div>\n\t\t\t\t<div class=\"elementor-element elementor-element-bca5966 elementor-widget elementor-widget-text-editor\" data-id=\"bca5966\" data-element_type=\"widget\" data-widget_type=\"text-editor.default\">\n\t\t\t\t<div class=\"elementor-widget-container\">\n\t\t\t\t\t\t\t\t\t<p>Miyako Immobilier International fait les meilleurs efforts pour assurer l&#8217;exactitude de l&#8217;ensemble des informations mises \u00e0 la disposition des visiteurs sur miyakoparis.com, exactitude qu&#8217;elle ne peut cependant garantir, l&#8217;internaute \u00e9tant invit\u00e9 \u00e0 utiliser ces informations avec discernement et esprit critique. Les informations signal\u00e9es comme contenant des inexactitudes juridiques, techniques, des erreurs typographiques ou comme \u00e9tant incompl\u00e8tes feront l&#8217;objet d&#8217;un traitement sans d\u00e9lais par Miyako Immobilier International.<\/p><p>Pour ce faire, vous pouvez contacter dans la partie CONTACT.<\/p>\t\t\t\t\t\t\t\t<\/div>\n\t\t\t\t<\/div>\n\t\t\t\t<div class=\"elementor-element elementor-element-5c69002 elementor-widget elementor-widget-heading\" data-id=\"5c69002\" data-element_type=\"widget\" data-widget_type=\"heading.default\">\n\t\t\t\t<div class=\"elementor-widget-container\">\n\t\t\t\t\t<h2 class=\"elementor-heading-title elementor-size-default\">Biens immobiliers<\/h2>\t\t\t\t<\/div>\n\t\t\t\t<\/div>\n\t\t\t\t<div class=\"elementor-element elementor-element-0c8397b elementor-widget elementor-widget-text-editor\" data-id=\"0c8397b\" data-element_type=\"widget\" data-widget_type=\"text-editor.default\">\n\t\t\t\t<div class=\"elementor-widget-container\">\n\t\t\t\t\t\t\t\t\t<div><p>Les informations contenues dans le descriptif des biens \u00e0 louer ou \u00e0 vendre sont fournies par l&#8217;agence\u00a0Miyako Immobilier International. La profession d&#8217;agent immobilier est r\u00e9gie par la loi 70-9 du 2 janvier 1970 dite Loi HOGUET.<br \/>La soci\u00e9t\u00e9 Miyako Immobilier International\u00a0 ne saurait en cons\u00e9quence \u00eatre tenue pour responsable \u00e0 quelque titre que ce soit du fait de l&#8217;inexactitude que pourraient contenir les informations relatives aux biens \u00e0 louer ou \u00e0 vendre figurant sur le pr\u00e9sent site.<\/p><\/div>\t\t\t\t\t\t\t\t<\/div>\n\t\t\t\t<\/div>\n\t\t\t\t<div class=\"elementor-element elementor-element-2e1114c elementor-widget elementor-widget-heading\" data-id=\"2e1114c\" data-element_type=\"widget\" data-widget_type=\"heading.default\">\n\t\t\t\t<div class=\"elementor-widget-container\">\n\t\t\t\t\t<h2 class=\"elementor-heading-title elementor-size-default\">\u00c0 Savoir :<\/h2>\t\t\t\t<\/div>\n\t\t\t\t<\/div>\n\t\t\t\t<div class=\"elementor-element elementor-element-24854b9 elementor-widget elementor-widget-heading\" data-id=\"24854b9\" data-element_type=\"widget\" data-widget_type=\"heading.default\">\n\t\t\t\t<div class=\"elementor-widget-container\">\n\t\t\t\t\t<h3 class=\"elementor-heading-title elementor-size-default\">1. Droit de r\u00e9tractation<\/h3>\t\t\t\t<\/div>\n\t\t\t\t<\/div>\n\t\t\t\t<div class=\"elementor-element elementor-element-4925241 elementor-widget elementor-widget-text-editor\" data-id=\"4925241\" data-element_type=\"widget\" data-widget_type=\"text-editor.default\">\n\t\t\t\t<div class=\"elementor-widget-container\">\n\t\t\t\t\t\t\t\t\t<p class=\"p1\"><span class=\"s1\">Les clients MIYAKOPARIS disposent du droit de se r\u00e9tracter sans donner de motif dans un d\u00e9lai de 14 jours.<\/span><\/p><p class=\"p1\"><span class=\"s1\">Le d\u00e9lai de r\u00e9tractation expire 14 jours apr\u00e8s le jour de la conclusion du contrat. Pour exercer le droit de r\u00e9tractation, le client doit notifier \u00e0 MIYAKOPARIS sa d\u00e9cision de r\u00e9tractation du pr\u00e9sent contrat au moyen d\u2019une d\u00e9claration d\u00e9nu\u00e9e d\u2019ambigu\u00eft\u00e9.<\/span><\/p>\t\t\t\t\t\t\t\t<\/div>\n\t\t\t\t<\/div>\n\t\t\t\t<div class=\"elementor-element elementor-element-db7132b elementor-widget elementor-widget-heading\" data-id=\"db7132b\" data-element_type=\"widget\" data-widget_type=\"heading.default\">\n\t\t\t\t<div class=\"elementor-widget-container\">\n\t\t\t\t\t<h3 class=\"elementor-heading-title elementor-size-default\">2. M\u00e9diateur de la consommation<\/h3>\t\t\t\t<\/div>\n\t\t\t\t<\/div>\n\t\t\t\t<div class=\"elementor-element elementor-element-b64b511 elementor-widget elementor-widget-text-editor\" data-id=\"b64b511\" data-element_type=\"widget\" data-widget_type=\"text-editor.default\">\n\t\t\t\t<div class=\"elementor-widget-container\">\n\t\t\t\t\t\t\t\t\t<p class=\"p1\"><span class=\"s1\">Sachez qu\u2019en cas de litige il vous est possible de de saisir un m\u00e9diateur de la consommation d\u00e9sign\u00e9 par MIYAKOPARIS, il s\u2019agit de l\u2019Association des M\u00e9diateurs Europ\u00e9ens (MEDIMMOCONSO) qui peut \u00eatre contact\u00e9e :<\/span><\/p><p class=\"p1\"><span class=\"s1\">\u2022 Via le formulaire en ligne accessible sur le site internet de MEDIMMOCONSO : <a href=\"http:\/\/www.medimmoconso.fr\/\"><span class=\"s2\">www.medimmoconso.fr<\/span><\/a><br \/>\u2022 Ou par courrier adress\u00e9 \u00e0 MEDIMMOCONSO, 1 All\u00e9e du Parc de Mesemena &#8211; B\u00e2t A &#8211; CS 2522244505 LA BAULE CEDEX<br \/>A noter que l\u2019int\u00e9gralit\u00e9 des frais de M\u00e9diation sont \u00e0 la charge MIYAKOPARIS. La saisine du M\u00e9diateur \u00e0 la consommation MIYAKOPARIS est donc gratuite pour le consommateur.<\/span><\/p><p class=\"p1\"><span class=\"s1\">Les modalit\u00e9s de cette m\u00e9diation sont organis\u00e9es par les articles L 611-1 et suivants et R 612-1 et suivants du Code de la consommation.<\/span><\/p>\t\t\t\t\t\t\t\t<\/div>\n\t\t\t\t<\/div>\n\t\t\t\t<div class=\"elementor-element elementor-element-a987f28 elementor-widget elementor-widget-heading\" data-id=\"a987f28\" data-element_type=\"widget\" data-widget_type=\"heading.default\">\n\t\t\t\t<div class=\"elementor-widget-container\">\n\t\t\t\t\t<h3 class=\"elementor-heading-title elementor-size-default\">3. Liste d\u2019opposition au d\u00e9marchage t\u00e9l\u00e9phonique (BLOCTEL)<\/h3>\t\t\t\t<\/div>\n\t\t\t\t<\/div>\n\t\t\t\t<div class=\"elementor-element elementor-element-317e90e elementor-widget elementor-widget-text-editor\" data-id=\"317e90e\" data-element_type=\"widget\" data-widget_type=\"text-editor.default\">\n\t\t\t\t<div class=\"elementor-widget-container\">\n\t\t\t\t\t\t\t\t\t<p class=\"p1\"><span class=\"s1\">Quels sont vos droits ?<\/span><\/p><p class=\"p1\"><span class=\"s1\">Conform\u00e9ment aux dispositions l\u00e9gales pr\u00e9vues par la loi 78-17 du 6 janvier 1978, modifi\u00e9e relative \u00e0 l\u2019informatique, aux fichiers et aux libert\u00e9s, et au R\u00e8glement Europ\u00e9en N\u00b0 2016\/679\/UE du 27 avril 2016 (\u00ab RGPD \u00bb), l\u2019utilisateur dispose des droits suivants :<\/span><\/p><p class=\"p1\"><span class=\"s1\">\u2013 Exercer son droit d\u2019acc\u00e8s, pour conna\u00eetre ses donn\u00e9es personnelles d\u00e9tenues par MIYAKOPARIS ;<\/span><\/p><p class=\"p1\"><span class=\"s1\">\u2013 Demander la mise \u00e0 jour de ses donn\u00e9es ;<\/span><\/p><p class=\"p1\"><span class=\"s1\">\u2013 Demander la portabilit\u00e9 ;<\/span><\/p><p class=\"p1\"><span class=\"s1\">\u2013 Demander la suppression de ses donn\u00e9es (le droit d\u2019effacement ne s\u2019applique pas lorsque les donn\u00e9es sont n\u00e9cessaires au respect d\u2019une obligation l\u00e9gale qui nous impose de conserver ces donn\u00e9es ou qu\u2019elles sont n\u00e9cessaires \u00e0 l\u2019exercice ou \u00e0 la d\u00e9fense de nos droits en justice) ;<\/span><\/p><p class=\"p1\"><span class=\"s1\">\u2013 Demander la limitation du traitement de ses donn\u00e9es ;<\/span><\/p><p class=\"p1\"><span class=\"s1\">\u2013 S\u2019opposer ou retirer son consentement \u00e0 l\u2019utilisation par nos services de ses donn\u00e9es.<\/span><\/p><p class=\"p1\"><span class=\"s1\">\u2013 D\u00e9finir les directives relatives \u00e0 la conservation, \u00e0 l\u2019effacement et \u00e0 la communication de ses donn\u00e9es personnelles apr\u00e8s son d\u00e9c\u00e8s ;<\/span><\/p><p class=\"p1\"><span class=\"s1\">\u2013 S\u2019inscrire sur la liste d\u2019opposition au d\u00e9marchage t\u00e9l\u00e9phonique\u00a0<a href=\"http:\/\/www.bloctel.gouv.fr\/\"><span class=\"s2\">Bloctel<\/span><\/a><b>*<\/b>.<\/span><\/p><p class=\"p1\"><span class=\"s1\">Vous pouvez exercer vos droits par email \u00e0 l\u2019adresse pr\u00e9sente depuis le lien :\u00a0<a href=\"mailto:contact@vendmy.com\"><span class=\"s2\">info@miyakoparis.com<\/span><\/a>, via le site dans la rubrique contact ou par courrier \u00e0 l\u2019adresse suivante : Miyako Immobilier International, 6 rue Beaugrenelle, 75015 Paris. Pour toute information compl\u00e9mentaire ou r\u00e9clamation, l\u2019utilisateur peut contacter la Commission Nationale de l\u2019informatique et des Libert\u00e9s (www.cnil.fr).<\/span><\/p><p class=\"p1\"><span class=\"s1\"><b>*<\/b>\u00a0L\u2019inscription sur la liste d\u2019opposition au d\u00e9marchage t\u00e9l\u00e9phonique\u00a0<a href=\"http:\/\/www.bloctel.gouv.fr\/\"><span class=\"s2\">Bloctel<\/span><\/a>\u00a0est gratuite. Vous pouvez vous inscrire sur le site internet\u00a0<a href=\"http:\/\/www.bloctel.gouv.fr\/\"><span class=\"s2\">bloctel.gouv.fr<\/span><\/a>. Vous devrez alors remplir un formulaire en indiquant jusqu\u2019\u00e0 8 num\u00e9ros de t\u00e9l\u00e9phone fixe ou mobile sur lesquels vous ne souhaitez plus \u00eatre contact\u00e9. La liste\u00a0<a href=\"http:\/\/www.bloctel.gouv.fr\/\"><span class=\"s2\">Bloctel<\/span><\/a>\u00a0ne concerne que les num\u00e9ros des consommateurs ce qui exclut les num\u00e9ros professionnels. Vous recevrez ensuite, dans un d\u00e9lai de 48 heures, un courriel comprenant un lien sur lequel vous devrez confirmer votre demande d\u2019inscription. L\u2019inscription est effective dans un d\u00e9lai maximum de 30 jours \u00e0 compter de la confirmation d\u2019inscription.<\/span><\/p>\t\t\t\t\t\t\t\t<\/div>\n\t\t\t\t<\/div>\n\t\t\t\t<div class=\"elementor-element elementor-element-92d454e elementor-widget elementor-widget-heading\" data-id=\"92d454e\" data-element_type=\"widget\" data-widget_type=\"heading.default\">\n\t\t\t\t<div class=\"elementor-widget-container\">\n\t\t\t\t\t<h3 class=\"elementor-heading-title elementor-size-default\">4. Les principales lois concern\u00e9es<\/h3>\t\t\t\t<\/div>\n\t\t\t\t<\/div>\n\t\t\t\t<div class=\"elementor-element elementor-element-bebb1a9 elementor-widget elementor-widget-text-editor\" data-id=\"bebb1a9\" data-element_type=\"widget\" data-widget_type=\"text-editor.default\">\n\t\t\t\t<div class=\"elementor-widget-container\">\n\t\t\t\t\t\t\t\t\t<p class=\"p1\"><span class=\"s1\"><b>1.<\/b> R\u00e8glement UE 2016\/679 du Parlement europ\u00e9en et du Conseil du 27 avril 2016 relatif \u00e0 la protection des personnes physiques \u00e0 l&#8217;\u00e9gard du traitement des donn\u00e9es \u00e0 caract\u00e8re personnel et \u00e0 la libre circulation de ces donn\u00e9es, et abrogeant la directive 95\/46\/CE, dit r\u00e8glement g\u00e9n\u00e9ral sur la protection des donn\u00e9es (RGPD, ou encore GDPR, de l&#8217;anglais General Data Protection Regulation).<\/span><\/p><p class=\"p1\"><span class=\"s1\"><b>2.<\/b> Loi n\u00b0 2004-575 du 21 juin 2004 pour la confiance dans l&#8217;\u00e9conomie num\u00e9rique.<\/span><\/p><p class=\"p1\"><span class=\"s1\"><b>3.<\/b> Directive 2002\/58\/CE du Parlement europ\u00e9en et du Conseil du 12 juillet 2002 concernant le traitement des donn\u00e9es \u00e0 caract\u00e8re personnel et la protection de la vie priv\u00e9e dans le secteur des communications \u00e9lectroniques (directive vie priv\u00e9e et communications \u00e9lectroniques).<\/span><\/p><p class=\"p1\"><span class=\"s1\"><b>4.<\/b> Code de la propri\u00e9t\u00e9 intellectuelle.<\/span><\/p><p class=\"p1\"><span class=\"s1\"><b>5.<\/b> Loi n\u1d52 78-17 du 6 janvier 1978 relative \u00e0 l\u2019informatique, aux fichiers et aux libert\u00e9s en vigueur.<\/span><\/p><p class=\"p1\"><span class=\"s1\">Le site est r\u00e9gi par la loi fran\u00e7aise, sans pr\u00e9judice de la protection dont b\u00e9n\u00e9ficie le consommateur en vertu des dispositions, auxquelles il ne peut \u00eatre d\u00e9rog\u00e9 par accord en vertu de la loi applicable selon sa r\u00e9sidence habituelle.<br \/>Toute contestation relative \u00e0 ce site rel\u00e8vera de la comp\u00e9tence exclusive des Tribunaux de Paris, \u00e0 l\u2019exception des litiges et des personnes pour lesquelles les r\u00e8gles l\u00e9gales d\u2019attribution de comp\u00e9tence s\u2019appliquent.<\/span><\/p>\t\t\t\t\t\t\t\t<\/div>\n\t\t\t\t<\/div>\n\t\t\t\t<div class=\"elementor-element elementor-element-b0592ba elementor-widget elementor-widget-heading\" data-id=\"b0592ba\" data-element_type=\"widget\" data-widget_type=\"heading.default\">\n\t\t\t\t<div class=\"elementor-widget-container\">\n\t\t\t\t\t<h2 class=\"elementor-heading-title elementor-size-default\">Conception, Design, et r\u00e9alisation technique<\/h2>\t\t\t\t<\/div>\n\t\t\t\t<\/div>\n\t\t\t\t<div class=\"elementor-element elementor-element-500a432 elementor-widget elementor-widget-text-editor\" data-id=\"500a432\" data-element_type=\"widget\" data-widget_type=\"text-editor.default\">\n\t\t\t\t<div class=\"elementor-widget-container\">\n\t\t\t\t\t\t\t\t\t<p>Desk Digital &#8211; agence digitale sp\u00e9cialis\u00e9e en cr\u00e9ation de Site internet et Strat\u00e9gie web<br \/>contact: contact@desk-digital.fr<br \/>site web : <a href=\"https:\/\/desk-digital.fr\">desk-digital.fr<\/a><\/p>\t\t\t\t\t\t\t\t<\/div>\n\t\t\t\t<\/div>\n\t\t\t\t\t<\/div>\n\t\t<\/div>\n\t\t\t\t\t<\/div>\n\t\t<\/section>\n\t\t\t\t<\/div>\n\t\t","protected":false},"excerpt":{"rendered":"<p>Mentions L\u00e9gales Conform\u00e9ment aux dispositions des articles 6-III et 19 de la Loi n\u00b0 2004-575 du 21 juin 2004  [&hellip;]<\/p>\n","protected":false},"author":1,"featured_media":0,"parent":0,"menu_order":0,"comment_status":"closed","ping_status":"closed","template":"","meta":{"footnotes":""},"class_list":["post-16524","page","type-page","status-publish","hentry"],"yoast_head":"<!-- This site is optimized with the Yoast SEO plugin v27.3 - https:\/\/yoast.com\/product\/yoast-seo-wordpress\/ -->\n<title>Mentions L\u00e9gales - MiyakoParis<\/title>\n<meta name=\"robots\" content=\"index, follow, max-snippet:-1, max-image-preview:large, max-video-preview:-1\" \/>\n<link rel=\"canonical\" href=\"https:\/\/miyakoparis.com\/ja\/mentions-legales\/\" \/>\n<meta property=\"og:locale\" content=\"ja_JP\" \/>\n<meta property=\"og:type\" content=\"article\" \/>\n<meta property=\"og:title\" content=\"Mentions L\u00e9gales - MiyakoParis\" \/>\n<meta property=\"og:description\" content=\"Mentions L\u00e9gales Conform\u00e9ment aux dispositions des articles 6-III et 19 de la Loi n\u00b0 2004-575 du 21 juin 2004 [&hellip;]\" \/>\n<meta property=\"og:url\" content=\"https:\/\/miyakoparis.com\/ja\/mentions-legales\/\" \/>\n<meta property=\"og:site_name\" content=\"MiyakoParis\" \/>\n<meta property=\"article:publisher\" content=\"https:\/\/www.facebook.com\/search\/top?q=miyakoparis\" \/>\n<meta property=\"article:modified_time\" content=\"2024-08-03T18:35:39+00:00\" \/>\n<meta name=\"twitter:card\" content=\"summary_large_image\" \/>\n<meta name=\"twitter:label1\" content=\"\u63a8\u5b9a\u8aad\u307f\u53d6\u308a\u6642\u9593\" \/>\n\t<meta name=\"twitter:data1\" content=\"6\u5206\" \/>\n<script type=\"application\/ld+json\" class=\"yoast-schema-graph\">{\"@context\":\"https:\\\/\\\/schema.org\",\"@graph\":[{\"@type\":\"WebPage\",\"@id\":\"https:\\\/\\\/miyakoparis.com\\\/ja\\\/mentions-legales\\\/\",\"url\":\"https:\\\/\\\/miyakoparis.com\\\/ja\\\/mentions-legales\\\/\",\"name\":\"Mentions L\u00e9gales - MiyakoParis\",\"isPartOf\":{\"@id\":\"https:\\\/\\\/miyakoparis.com\\\/ja\\\/#website\"},\"datePublished\":\"2017-06-24T17:42:24+00:00\",\"dateModified\":\"2024-08-03T18:35:39+00:00\",\"breadcrumb\":{\"@id\":\"https:\\\/\\\/miyakoparis.com\\\/ja\\\/mentions-legales\\\/#breadcrumb\"},\"inLanguage\":\"ja\",\"potentialAction\":[{\"@type\":\"ReadAction\",\"target\":[\"https:\\\/\\\/miyakoparis.com\\\/ja\\\/mentions-legales\\\/\"]}]},{\"@type\":\"BreadcrumbList\",\"@id\":\"https:\\\/\\\/miyakoparis.com\\\/ja\\\/mentions-legales\\\/#breadcrumb\",\"itemListElement\":[{\"@type\":\"ListItem\",\"position\":1,\"name\":\"Accueil\",\"item\":\"https:\\\/\\\/miyakoparis.com\\\/ja\\\/\"},{\"@type\":\"ListItem\",\"position\":2,\"name\":\"Mentions L\u00e9gales\"}]},{\"@type\":\"WebSite\",\"@id\":\"https:\\\/\\\/miyakoparis.com\\\/ja\\\/#website\",\"url\":\"https:\\\/\\\/miyakoparis.com\\\/ja\\\/\",\"name\":\"MiyakoParis\",\"description\":\"MiyakoParis - Agence immobili\u00e8re internationale - Paris\",\"publisher\":{\"@id\":\"https:\\\/\\\/miyakoparis.com\\\/ja\\\/#organization\"},\"potentialAction\":[{\"@type\":\"SearchAction\",\"target\":{\"@type\":\"EntryPoint\",\"urlTemplate\":\"https:\\\/\\\/miyakoparis.com\\\/ja\\\/?s={search_term_string}\"},\"query-input\":{\"@type\":\"PropertyValueSpecification\",\"valueRequired\":true,\"valueName\":\"search_term_string\"}}],\"inLanguage\":\"ja\"},{\"@type\":\"Organization\",\"@id\":\"https:\\\/\\\/miyakoparis.com\\\/ja\\\/#organization\",\"name\":\"MiyakoParis\",\"url\":\"https:\\\/\\\/miyakoparis.com\\\/ja\\\/\",\"logo\":{\"@type\":\"ImageObject\",\"inLanguage\":\"ja\",\"@id\":\"https:\\\/\\\/miyakoparis.com\\\/ja\\\/#\\\/schema\\\/logo\\\/image\\\/\",\"url\":\"https:\\\/\\\/vibrant-williamson.146-59-155-173.plesk.page\\\/wp-content\\\/uploads\\\/2017\\\/05\\\/logo-miyako.png\",\"contentUrl\":\"https:\\\/\\\/vibrant-williamson.146-59-155-173.plesk.page\\\/wp-content\\\/uploads\\\/2017\\\/05\\\/logo-miyako.png\",\"width\":395,\"height\":79,\"caption\":\"MiyakoParis\"},\"image\":{\"@id\":\"https:\\\/\\\/miyakoparis.com\\\/ja\\\/#\\\/schema\\\/logo\\\/image\\\/\"},\"sameAs\":[\"https:\\\/\\\/www.facebook.com\\\/search\\\/top?q=miyakoparis\",\"https:\\\/\\\/www.instagram.com\\\/miyako_paris\\\/?hl=fr\"]}]}<\/script>\n<!-- \/ Yoast SEO plugin. -->","yoast_head_json":{"title":"Mentions L\u00e9gales - MiyakoParis","robots":{"index":"index","follow":"follow","max-snippet":"max-snippet:-1","max-image-preview":"max-image-preview:large","max-video-preview":"max-video-preview:-1"},"canonical":"https:\/\/miyakoparis.com\/ja\/mentions-legales\/","og_locale":"ja_JP","og_type":"article","og_title":"Mentions L\u00e9gales - MiyakoParis","og_description":"Mentions L\u00e9gales Conform\u00e9ment aux dispositions des articles 6-III et 19 de la Loi n\u00b0 2004-575 du 21 juin 2004 [&hellip;]","og_url":"https:\/\/miyakoparis.com\/ja\/mentions-legales\/","og_site_name":"MiyakoParis","article_publisher":"https:\/\/www.facebook.com\/search\/top?q=miyakoparis","article_modified_time":"2024-08-03T18:35:39+00:00","twitter_card":"summary_large_image","twitter_misc":{"\u63a8\u5b9a\u8aad\u307f\u53d6\u308a\u6642\u9593":"6\u5206"},"schema":{"@context":"https:\/\/schema.org","@graph":[{"@type":"WebPage","@id":"https:\/\/miyakoparis.com\/ja\/mentions-legales\/","url":"https:\/\/miyakoparis.com\/ja\/mentions-legales\/","name":"Mentions L\u00e9gales - MiyakoParis","isPartOf":{"@id":"https:\/\/miyakoparis.com\/ja\/#website"},"datePublished":"2017-06-24T17:42:24+00:00","dateModified":"2024-08-03T18:35:39+00:00","breadcrumb":{"@id":"https:\/\/miyakoparis.com\/ja\/mentions-legales\/#breadcrumb"},"inLanguage":"ja","potentialAction":[{"@type":"ReadAction","target":["https:\/\/miyakoparis.com\/ja\/mentions-legales\/"]}]},{"@type":"BreadcrumbList","@id":"https:\/\/miyakoparis.com\/ja\/mentions-legales\/#breadcrumb","itemListElement":[{"@type":"ListItem","position":1,"name":"Accueil","item":"https:\/\/miyakoparis.com\/ja\/"},{"@type":"ListItem","position":2,"name":"Mentions L\u00e9gales"}]},{"@type":"WebSite","@id":"https:\/\/miyakoparis.com\/ja\/#website","url":"https:\/\/miyakoparis.com\/ja\/","name":"MiyakoParis","description":"MiyakoParis - Agence immobili\u00e8re internationale - Paris","publisher":{"@id":"https:\/\/miyakoparis.com\/ja\/#organization"},"potentialAction":[{"@type":"SearchAction","target":{"@type":"EntryPoint","urlTemplate":"https:\/\/miyakoparis.com\/ja\/?s={search_term_string}"},"query-input":{"@type":"PropertyValueSpecification","valueRequired":true,"valueName":"search_term_string"}}],"inLanguage":"ja"},{"@type":"Organization","@id":"https:\/\/miyakoparis.com\/ja\/#organization","name":"MiyakoParis","url":"https:\/\/miyakoparis.com\/ja\/","logo":{"@type":"ImageObject","inLanguage":"ja","@id":"https:\/\/miyakoparis.com\/ja\/#\/schema\/logo\/image\/","url":"https:\/\/vibrant-williamson.146-59-155-173.plesk.page\/wp-content\/uploads\/2017\/05\/logo-miyako.png","contentUrl":"https:\/\/vibrant-williamson.146-59-155-173.plesk.page\/wp-content\/uploads\/2017\/05\/logo-miyako.png","width":395,"height":79,"caption":"MiyakoParis"},"image":{"@id":"https:\/\/miyakoparis.com\/ja\/#\/schema\/logo\/image\/"},"sameAs":["https:\/\/www.facebook.com\/search\/top?q=miyakoparis","https:\/\/www.instagram.com\/miyako_paris\/?hl=fr"]}]}},"_links":{"self":[{"href":"https:\/\/miyakoparis.com\/ja\/wp-json\/wp\/v2\/pages\/16524","targetHints":{"allow":["GET"]}}],"collection":[{"href":"https:\/\/miyakoparis.com\/ja\/wp-json\/wp\/v2\/pages"}],"about":[{"href":"https:\/\/miyakoparis.com\/ja\/wp-json\/wp\/v2\/types\/page"}],"author":[{"embeddable":true,"href":"https:\/\/miyakoparis.com\/ja\/wp-json\/wp\/v2\/users\/1"}],"replies":[{"embeddable":true,"href":"https:\/\/miyakoparis.com\/ja\/wp-json\/wp\/v2\/comments?post=16524"}],"version-history":[{"count":24,"href":"https:\/\/miyakoparis.com\/ja\/wp-json\/wp\/v2\/pages\/16524\/revisions"}],"predecessor-version":[{"id":39621,"href":"https:\/\/miyakoparis.com\/ja\/wp-json\/wp\/v2\/pages\/16524\/revisions\/39621"}],"wp:attachment":[{"href":"https:\/\/miyakoparis.com\/ja\/wp-json\/wp\/v2\/media?parent=16524"}],"curies":[{"name":"wp","href":"https:\/\/api.w.org\/{rel}","templated":true}]}}